{"id":75,"date":"2020-04-04T06:27:02","date_gmt":"2020-04-04T09:27:02","guid":{"rendered":"https:\/\/jupiterx.artbees.net\/manufacture\/?page_id=75"},"modified":"2024-02-16T16:35:26","modified_gmt":"2024-02-16T19:35:26","slug":"sobre-nos","status":"publish","type":"page","link":"http:\/\/tmp.cmsite.net\/jurunaoxigenio\/sobre-nos\/","title":{"rendered":"Sobre n\u00f3s"},"content":{"rendered":"\t\t<div data-elementor-type=\"wp-page\" data-elementor-id=\"75\" class=\"elementor elementor-75\" data-elementor-settings=\"[]\">\n\t\t\t\t\t\t\t<div class=\"elementor-section-wrap\">\n\t\t\t\t\t\t\t<section class=\"elementor-section elementor-top-section elementor-element elementor-element-13c9cbe elementor-section-height-min-height elementor-section-items-stretch elementor-section-boxed elementor-section-height-default\" data-id=\"13c9cbe\" data-element_type=\"section\" data-settings=\"{&quot;background_background&quot;:&quot;classic&quot;}\">\n\t\t\t\t\t\t\t<div class=\"elementor-background-overlay\"><\/div>\n\t\t\t\t\t\t\t<div class=\"elementor-container elementor-column-gap-default\">\n\t\t\t\t\t<div class=\"elementor-column elementor-col-100 elementor-top-column elementor-element elementor-element-8d6754e\" data-id=\"8d6754e\" data-element_type=\"column\">\n\t\t\t<div class=\"elementor-widget-wrap elementor-element-populated\">\n\t\t\t\t\t\t\t\t<div class=\"elementor-element elementor-element-165ceb1 elementor-mobile-align-center elementor-align-left elementor-widget elementor-widget-raven-heading\" data-id=\"165ceb1\" data-element_type=\"widget\" data-widget_type=\"raven-heading.default\">\n\t\t\t\t<div class=\"elementor-widget-container\">\n\t\t\t\t\t<div class=\"raven-widget-wrapper\"><h1 class=\"raven-heading raven-heading-h1\"><span class=\"raven-heading-title\">Sobre a empresa<\/span><\/h1><\/div>\n\t\t\t\t<\/div>\n\t\t\t\t<\/div>\n\t\t\t\t\t<\/div>\n\t\t<\/div>\n\t\t\t\t\t\t\t<\/div>\n\t\t<\/section>\n\t\t\t\t<section class=\"elementor-section elementor-inner-section elementor-element elementor-element-52ce790e elementor-section-height-min-height elementor-section-boxed elementor-section-height-default\" data-id=\"52ce790e\" data-element_type=\"section\">\n\t\t\t\t\t\t<div class=\"elementor-container elementor-column-gap-default\">\n\t\t\t\t\t<div class=\"elementor-column elementor-col-50 elementor-inner-column elementor-element elementor-element-07b831d\" data-id=\"07b831d\" data-element_type=\"column\">\n\t\t\t<div class=\"elementor-widget-wrap elementor-element-populated\">\n\t\t\t\t\t\t\t\t<div class=\"elementor-element elementor-element-1732481 elementor-mobile-align-center elementor-align-left elementor-widget elementor-widget-raven-heading\" data-id=\"1732481\" data-element_type=\"widget\" data-widget_type=\"raven-heading.default\">\n\t\t\t\t<div class=\"elementor-widget-container\">\n\t\t\t\t\t<div class=\"raven-widget-wrapper\"><h2 class=\"raven-heading raven-heading-h2\"><span class=\"raven-heading-title\">H\u00e1 mais de 45 anos fazendo hist\u00f3ria<\/span><\/h2><\/div>\n\t\t\t\t<\/div>\n\t\t\t\t<\/div>\n\t\t\t\t<div class=\"elementor-element elementor-element-46dd842 elementor-widget elementor-widget-text-editor\" data-id=\"46dd842\" data-element_type=\"widget\" data-widget_type=\"text-editor.default\">\n\t\t\t\t<div class=\"elementor-widget-container\">\n\t\t\t\t\t\t\t\t<p>A <strong>Juruna Com\u00e9rcio de Soldas Ltda<\/strong> atua no mercado desde 1975 sendo uma das pioneiras no segmento de gases industriais, medicinais e equipamentos para corte e solda.<\/p><p>Utilizamos <strong>tecnologias de ponta<\/strong> para transformar algo t\u00e3o fundamental como o ar em produtos e aplica\u00e7\u00f5es que melhoram a vida das pessoas. Possibilitamos que ind\u00fastrias operem de forma mais limpa e produtiva. Ajudamos a tornar os alimentos mais saborosos. Facilitamos a respira\u00e7\u00e3o de pacientes. Tornamos os processos de produ\u00e7\u00e3o mais eficientes. E, desta forma, conseguimos gradativamente executar a nossa miss\u00e3o.<\/p>\t\t\t\t\t\t<\/div>\n\t\t\t\t<\/div>\n\t\t\t\t\t<\/div>\n\t\t<\/div>\n\t\t\t\t<div class=\"elementor-column elementor-col-50 elementor-inner-column elementor-element elementor-element-00565fd\" data-id=\"00565fd\" data-element_type=\"column\" data-settings=\"{&quot;background_background&quot;:&quot;classic&quot;}\">\n\t\t\t<div class=\"elementor-widget-wrap elementor-element-populated\">\n\t\t\t\t\t\t\t\t<div class=\"elementor-element elementor-element-f13dc80 elementor-mobile-align-center elementor-align-left elementor-widget elementor-widget-raven-heading\" data-id=\"f13dc80\" data-element_type=\"widget\" data-widget_type=\"raven-heading.default\">\n\t\t\t\t<div class=\"elementor-widget-container\">\n\t\t\t\t\t<div class=\"raven-widget-wrapper\"><h2 class=\"raven-heading raven-heading-h2\"><span class=\"raven-heading-title\">\u00c1reas de Atendimento<\/span><\/h2><\/div>\n\t\t\t\t<\/div>\n\t\t\t\t<\/div>\n\t\t\t\t<div class=\"elementor-element elementor-element-f757e5e elementor-widget elementor-widget-text-editor\" data-id=\"f757e5e\" data-element_type=\"widget\" data-widget_type=\"text-editor.default\">\n\t\t\t\t<div class=\"elementor-widget-container\">\n\t\t\t\t\t\t\t\t<p>Atendemos as cidades de: S\u00e3o Jos\u00e9 dos Campos, Ca\u00e7apava, Taubat\u00e9, Pindamonhangaba, Guaratinguet\u00e1, Santo Ant\u00f4nio do Pinhal, Campos do Jord\u00e3o, S\u00e3o Bento do Sapuca\u00ed, Monteiro Lobato, Jacare\u00ed, Guararema, Mogi das Cruzes, Jambeiro, Paraibuna, Caraguatatuba, Ubatuba, S\u00e3o Sebasti\u00e3o, entre outras, consulte-nos.<\/p>\t\t\t\t\t\t<\/div>\n\t\t\t\t<\/div>\n\t\t\t\t\t<\/div>\n\t\t<\/div>\n\t\t\t\t\t\t\t<\/div>\n\t\t<\/section>\n\t\t\t\t<section class=\"elementor-section elementor-top-section elementor-element elementor-element-3e2f65d9 elementor-section-boxed elementor-section-height-default elementor-section-height-default\" data-id=\"3e2f65d9\" data-element_type=\"section\" data-settings=\"{&quot;background_background&quot;:&quot;classic&quot;}\">\n\t\t\t\t\t\t<div class=\"elementor-container elementor-column-gap-default\">\n\t\t\t\t\t<div class=\"elementor-column elementor-col-100 elementor-top-column elementor-element elementor-element-642ed521\" data-id=\"642ed521\" data-element_type=\"column\">\n\t\t\t<div class=\"elementor-widget-wrap elementor-element-populated\">\n\t\t\t\t\t\t\t\t<div class=\"elementor-element elementor-element-706d52d7 elementor-widget-divider--view-line_text elementor-widget-divider--element-align-right elementor-widget elementor-widget-divider\" data-id=\"706d52d7\" data-element_type=\"widget\" data-widget_type=\"divider.default\">\n\t\t\t\t<div class=\"elementor-widget-container\">\n\t\t\t\t\t<div class=\"elementor-divider\">\n\t\t\t<span class=\"elementor-divider-separator\">\n\t\t\t\t\t\t\t<span class=\"elementor-divider__text elementor-divider__element\">DEPOIMENTOS<\/span>\n\t\t\t\t\t\t<\/span>\n\t\t<\/div>\n\t\t\t\t<\/div>\n\t\t\t\t<\/div>\n\t\t\t\t<div class=\"elementor-element elementor-element-bf15a93 elementor-mobile-align-center elementor-align-left elementor-widget elementor-widget-raven-heading\" data-id=\"bf15a93\" data-element_type=\"widget\" data-widget_type=\"raven-heading.default\">\n\t\t\t\t<div class=\"elementor-widget-container\">\n\t\t\t\t\t<div class=\"raven-widget-wrapper\"><h2 class=\"raven-heading raven-heading-h2\"><span class=\"raven-heading-title\">Confira os depoimentos de<br>\nnossos clientes:<\/span><\/h2><\/div>\n\t\t\t\t<\/div>\n\t\t\t\t<\/div>\n\t\t\t\t<div class=\"elementor-element elementor-element-4f45e874 elementor-widget elementor-widget-jet-testimonials\" data-id=\"4f45e874\" data-element_type=\"widget\" data-widget_type=\"jet-testimonials.default\">\n\t\t\t\t<div class=\"elementor-widget-container\">\n\t\t\t<div class=\"elementor-jet-testimonials jet-elements\">\n<div class=\"jet-testimonials jet-equal-cols\">\n\t<div class=\"jet-testimonials__instance elementor-slick-slider\" data-settings='{\"slidesToShow\":{\"desktop\":3,\"tablet\":2,\"mobile\":1},\"autoplaySpeed\":5000,\"autoplay\":true,\"infinite\":true,\"adaptiveHeight\":true,\"pauseOnHover\":false,\"speed\":500,\"arrows\":true,\"dots\":false,\"slidesToScroll\":1,\"prevArrow\":\".jet-testimonial__prev-arrow-4f45e874\",\"nextArrow\":\".jet-testimonial__next-arrow-4f45e874\",\"rtl\":false}' dir=\"ltr\"><div class=\"jet-testimonial__prev-arrow-4f45e874 jet-arrow prev-arrow\"><i aria-hidden=\"true\" class=\"fas fa-chevron-left\"><\/i><\/div><div class=\"jet-testimonial__next-arrow-4f45e874 jet-arrow next-arrow\"><i aria-hidden=\"true\" class=\"fas fa-chevron-right\"><\/i><\/div><div class=\"jet-testimonials__item\">\n\t<div class=\"jet-testimonials__item-inner\">\n\t\t<div class=\"jet-testimonials__content\"><div class=\"jet-testimonials__comment\">Excelente empresa, arendimento 10, grande variedade de ferramentas e inssumos , vale a pena conferir.<\/div><div class=\"jet-testimonials__name\"><span>Davis<\/span><\/div><div class=\"jet-testimonials__rating\" data-rating=\"5\"><i class=\"fa\" aria-hidden=\"true\" data-star-style=\"&#xf005;\" data-active-star-style=\"&#xf005;\"><\/i><i class=\"fa\" aria-hidden=\"true\" data-star-style=\"&#xf005;\" data-active-star-style=\"&#xf005;\"><\/i><i class=\"fa\" aria-hidden=\"true\" data-star-style=\"&#xf005;\" data-active-star-style=\"&#xf005;\"><\/i><i class=\"fa\" aria-hidden=\"true\" data-star-style=\"&#xf005;\" data-active-star-style=\"&#xf005;\"><\/i><i class=\"fa\" aria-hidden=\"true\" data-star-style=\"&#xf005;\" data-active-star-style=\"&#xf005;\"><\/i><\/div><\/div>\n\t<\/div>\n<\/div>\n\n<div class=\"jet-testimonials__item\">\n\t<div class=\"jet-testimonials__item-inner\">\n\t\t<div class=\"jet-testimonials__content\"><div class=\"jet-testimonials__comment\">Excelente empresa, \u00f3timos pre\u00e7os e atendimento.<\/div><div class=\"jet-testimonials__name\"><span>Homero<\/span><\/div><div class=\"jet-testimonials__rating\" data-rating=\"5\"><i class=\"fa\" aria-hidden=\"true\" data-star-style=\"&#xf005;\" data-active-star-style=\"&#xf005;\"><\/i><i class=\"fa\" aria-hidden=\"true\" data-star-style=\"&#xf005;\" data-active-star-style=\"&#xf005;\"><\/i><i class=\"fa\" aria-hidden=\"true\" data-star-style=\"&#xf005;\" data-active-star-style=\"&#xf005;\"><\/i><i class=\"fa\" aria-hidden=\"true\" data-star-style=\"&#xf005;\" data-active-star-style=\"&#xf005;\"><\/i><i class=\"fa\" aria-hidden=\"true\" data-star-style=\"&#xf005;\" data-active-star-style=\"&#xf005;\"><\/i><\/div><\/div>\n\t<\/div>\n<\/div>\n\n<div class=\"jet-testimonials__item\">\n\t<div class=\"jet-testimonials__item-inner\">\n\t\t<div class=\"jet-testimonials__content\"><div class=\"jet-testimonials__comment\">Empresa comprometida com a qualidade no atendimento, Recomendo tem gases industriais e medicinais, tem  material pra solda e funilaria.<\/div><div class=\"jet-testimonials__name\"><span>Tiago<\/span><\/div><div class=\"jet-testimonials__rating\" data-rating=\"5\"><i class=\"fa\" aria-hidden=\"true\" data-star-style=\"&#xf005;\" data-active-star-style=\"&#xf005;\"><\/i><i class=\"fa\" aria-hidden=\"true\" data-star-style=\"&#xf005;\" data-active-star-style=\"&#xf005;\"><\/i><i class=\"fa\" aria-hidden=\"true\" data-star-style=\"&#xf005;\" data-active-star-style=\"&#xf005;\"><\/i><i class=\"fa\" aria-hidden=\"true\" data-star-style=\"&#xf005;\" data-active-star-style=\"&#xf005;\"><\/i><i class=\"fa\" aria-hidden=\"true\" data-star-style=\"&#xf005;\" data-active-star-style=\"&#xf005;\"><\/i><\/div><\/div>\n\t<\/div>\n<\/div>\n\n<div class=\"jet-testimonials__item\">\n\t<div class=\"jet-testimonials__item-inner\">\n\t\t<div class=\"jet-testimonials__content\"><div class=\"jet-testimonials__comment\">Bem atendida, gerente e funcion\u00e1rio do balc\u00e3o bem atenciosos. Loca\u00e7\u00e3o de h\u00e9lio me deram instru\u00e7\u00f5es com toda aten\u00e7\u00e3o, parab\u00e9ns ao atendimento.<\/div><div class=\"jet-testimonials__name\"><span>Lara<\/span><\/div><div class=\"jet-testimonials__rating\" data-rating=\"5\"><i class=\"fa\" aria-hidden=\"true\" data-star-style=\"&#xf005;\" data-active-star-style=\"&#xf005;\"><\/i><i class=\"fa\" aria-hidden=\"true\" data-star-style=\"&#xf005;\" data-active-star-style=\"&#xf005;\"><\/i><i class=\"fa\" aria-hidden=\"true\" data-star-style=\"&#xf005;\" data-active-star-style=\"&#xf005;\"><\/i><i class=\"fa\" aria-hidden=\"true\" data-star-style=\"&#xf005;\" data-active-star-style=\"&#xf005;\"><\/i><i class=\"fa\" aria-hidden=\"true\" data-star-style=\"&#xf005;\" data-active-star-style=\"&#xf005;\"><\/i><\/div><\/div>\n\t<\/div>\n<\/div>\n\n<div class=\"jet-testimonials__item\">\n\t<div class=\"jet-testimonials__item-inner\">\n\t\t<div class=\"jet-testimonials__content\"><div class=\"jet-testimonials__comment\">Sempre muito bem atendida.<\/div><div class=\"jet-testimonials__name\"><span>Luciana<\/span><\/div><div class=\"jet-testimonials__rating\" data-rating=\"5\"><i class=\"fa\" aria-hidden=\"true\" data-star-style=\"&#xf005;\" data-active-star-style=\"&#xf005;\"><\/i><i class=\"fa\" aria-hidden=\"true\" data-star-style=\"&#xf005;\" data-active-star-style=\"&#xf005;\"><\/i><i class=\"fa\" aria-hidden=\"true\" data-star-style=\"&#xf005;\" data-active-star-style=\"&#xf005;\"><\/i><i class=\"fa\" aria-hidden=\"true\" data-star-style=\"&#xf005;\" data-active-star-style=\"&#xf005;\"><\/i><i class=\"fa\" aria-hidden=\"true\" data-star-style=\"&#xf005;\" data-active-star-style=\"&#xf005;\"><\/i><\/div><\/div>\n\t<\/div>\n<\/div>\n\n<div class=\"jet-testimonials__item\">\n\t<div class=\"jet-testimonials__item-inner\">\n\t\t<div class=\"jet-testimonials__content\"><div class=\"jet-testimonials__comment\">Pessoal tem tudo o que a gente precisa: g\u00e1s, discos de corte , desbaste, varetas de solda e muito mais... \u00d3timo atendimento e pontuais nas entregas, por isso que somos clientes h\u00e1 20 anos.<\/div><div class=\"jet-testimonials__name\"><span>Ac\u00e1cia Vale<\/span><\/div><div class=\"jet-testimonials__rating\" data-rating=\"5\"><i class=\"fa\" aria-hidden=\"true\" data-star-style=\"&#xf005;\" data-active-star-style=\"&#xf005;\"><\/i><i class=\"fa\" aria-hidden=\"true\" data-star-style=\"&#xf005;\" data-active-star-style=\"&#xf005;\"><\/i><i class=\"fa\" aria-hidden=\"true\" data-star-style=\"&#xf005;\" data-active-star-style=\"&#xf005;\"><\/i><i class=\"fa\" aria-hidden=\"true\" data-star-style=\"&#xf005;\" data-active-star-style=\"&#xf005;\"><\/i><i class=\"fa\" aria-hidden=\"true\" data-star-style=\"&#xf005;\" data-active-star-style=\"&#xf005;\"><\/i><\/div><\/div>\n\t<\/div>\n<\/div>\n\n<\/div>\n<\/div>\n<\/div>\t\t<\/div>\n\t\t\t\t<\/div>\n\t\t\t\t\t<\/div>\n\t\t<\/div>\n\t\t\t\t\t\t\t<\/div>\n\t\t<\/section>\n\t\t\t\t\t\t<\/div>\n\t\t\t\t\t<\/div>\n\t\t","protected":false},"excerpt":{"rendered":"<p>Sobre a empresa H\u00e1 mais de 45 anos fazendo hist\u00f3ria A Juruna Com\u00e9rcio de Soldas Ltda atua no mercado desde 1975 sendo uma das pioneiras no segmento de gases industriais, medicinais e equipamentos para corte e solda. Utilizamos tecnologias de ponta para transformar algo t\u00e3o fundamental como o ar em produtos e aplica\u00e7\u00f5es que melhoram [&hellip;]<\/p>\n","protected":false},"author":1,"featured_media":0,"parent":0,"menu_order":0,"comment_status":"closed","ping_status":"closed","template":"elementor_header_footer","meta":{"_joinchat":[],"footnotes":""},"class_list":["post-75","page","type-page","status-publish","hentry"],"acf":[],"yoast_head":"<!-- This site is optimized with the Yoast SEO plugin v17.6 - https:\/\/yoast.com\/wordpress\/plugins\/seo\/ -->\n<title>Juruna Oxig\u00eanio<\/title>\n<meta name=\"description\" content=\"Localizada em S\u00e3o Jos\u00e9 dos Campos, atuamos no segmento de gases industriais, medicinais e equipamentos para corte e solda.\" \/>\n<meta name=\"robots\" content=\"noindex, follow, max-snippet:-1, max-image-preview:large, max-video-preview:-1\" \/>\n<meta property=\"og:locale\" content=\"pt_BR\" \/>\n<meta property=\"og:type\" content=\"article\" \/>\n<meta property=\"og:title\" content=\"Juruna Oxig\u00eanio\" \/>\n<meta property=\"og:description\" content=\"Localizada em S\u00e3o Jos\u00e9 dos Campos, atuamos no segmento de gases industriais, medicinais e equipamentos para corte e solda.\" \/>\n<meta property=\"og:url\" content=\"http:\/\/tmp.cmsite.net\/jurunaoxigenio\/sobre-nos\/\" \/>\n<meta property=\"og:site_name\" content=\"Juruna Oxig\u00eanio\" \/>\n<meta property=\"article:modified_time\" content=\"2024-02-16T19:35:26+00:00\" \/>\n<meta name=\"twitter:card\" content=\"summary_large_image\" \/>\n<meta name=\"twitter:label1\" content=\"Est. tempo de leitura\" \/>\n\t<meta name=\"twitter:data1\" content=\"2 minutos\" \/>\n<script type=\"application\/ld+json\" class=\"yoast-schema-graph\">{\"@context\":\"https:\/\/schema.org\",\"@graph\":[{\"@type\":\"WebSite\",\"@id\":\"https:\/\/tmp.cmsite.net\/jurunaoxigenio\/#website\",\"url\":\"https:\/\/tmp.cmsite.net\/jurunaoxigenio\/\",\"name\":\"Juruna Oxig\\u00eanio\",\"description\":\"\",\"potentialAction\":[{\"@type\":\"SearchAction\",\"target\":{\"@type\":\"EntryPoint\",\"urlTemplate\":\"https:\/\/tmp.cmsite.net\/jurunaoxigenio\/?s={search_term_string}\"},\"query-input\":\"required name=search_term_string\"}],\"inLanguage\":\"pt-BR\"},{\"@type\":\"WebPage\",\"@id\":\"http:\/\/tmp.cmsite.net\/jurunaoxigenio\/sobre-nos\/#webpage\",\"url\":\"http:\/\/tmp.cmsite.net\/jurunaoxigenio\/sobre-nos\/\",\"name\":\"Juruna Oxig\\u00eanio\",\"isPartOf\":{\"@id\":\"https:\/\/tmp.cmsite.net\/jurunaoxigenio\/#website\"},\"datePublished\":\"2020-04-04T09:27:02+00:00\",\"dateModified\":\"2024-02-16T19:35:26+00:00\",\"description\":\"Localizada em S\\u00e3o Jos\\u00e9 dos Campos, atuamos no segmento de gases industriais, medicinais e equipamentos para corte e solda.\",\"breadcrumb\":{\"@id\":\"http:\/\/tmp.cmsite.net\/jurunaoxigenio\/sobre-nos\/#breadcrumb\"},\"inLanguage\":\"pt-BR\",\"potentialAction\":[{\"@type\":\"ReadAction\",\"target\":[\"http:\/\/tmp.cmsite.net\/jurunaoxigenio\/sobre-nos\/\"]}]},{\"@type\":\"BreadcrumbList\",\"@id\":\"http:\/\/tmp.cmsite.net\/jurunaoxigenio\/sobre-nos\/#breadcrumb\",\"itemListElement\":[{\"@type\":\"ListItem\",\"position\":1,\"name\":\"Home\",\"item\":\"https:\/\/tmp.cmsite.net\/jurunaoxigenio\/\"},{\"@type\":\"ListItem\",\"position\":2,\"name\":\"Sobre n\\u00f3s\"}]}]}<\/script>\n<!-- \/ Yoast SEO plugin. -->","yoast_head_json":{"title":"Juruna Oxig\u00eanio","description":"Localizada em S\u00e3o Jos\u00e9 dos Campos, atuamos no segmento de gases industriais, medicinais e equipamentos para corte e solda.","robots":{"index":"noindex","follow":"follow","max-snippet":"max-snippet:-1","max-image-preview":"max-image-preview:large","max-video-preview":"max-video-preview:-1"},"og_locale":"pt_BR","og_type":"article","og_title":"Juruna Oxig\u00eanio","og_description":"Localizada em S\u00e3o Jos\u00e9 dos Campos, atuamos no segmento de gases industriais, medicinais e equipamentos para corte e solda.","og_url":"http:\/\/tmp.cmsite.net\/jurunaoxigenio\/sobre-nos\/","og_site_name":"Juruna Oxig\u00eanio","article_modified_time":"2024-02-16T19:35:26+00:00","twitter_card":"summary_large_image","twitter_misc":{"Est. tempo de leitura":"2 minutos"},"schema":{"@context":"https:\/\/schema.org","@graph":[{"@type":"WebSite","@id":"https:\/\/tmp.cmsite.net\/jurunaoxigenio\/#website","url":"https:\/\/tmp.cmsite.net\/jurunaoxigenio\/","name":"Juruna Oxig\u00eanio","description":"","potentialAction":[{"@type":"SearchAction","target":{"@type":"EntryPoint","urlTemplate":"https:\/\/tmp.cmsite.net\/jurunaoxigenio\/?s={search_term_string}"},"query-input":"required name=search_term_string"}],"inLanguage":"pt-BR"},{"@type":"WebPage","@id":"http:\/\/tmp.cmsite.net\/jurunaoxigenio\/sobre-nos\/#webpage","url":"http:\/\/tmp.cmsite.net\/jurunaoxigenio\/sobre-nos\/","name":"Juruna Oxig\u00eanio","isPartOf":{"@id":"https:\/\/tmp.cmsite.net\/jurunaoxigenio\/#website"},"datePublished":"2020-04-04T09:27:02+00:00","dateModified":"2024-02-16T19:35:26+00:00","description":"Localizada em S\u00e3o Jos\u00e9 dos Campos, atuamos no segmento de gases industriais, medicinais e equipamentos para corte e solda.","breadcrumb":{"@id":"http:\/\/tmp.cmsite.net\/jurunaoxigenio\/sobre-nos\/#breadcrumb"},"inLanguage":"pt-BR","potentialAction":[{"@type":"ReadAction","target":["http:\/\/tmp.cmsite.net\/jurunaoxigenio\/sobre-nos\/"]}]},{"@type":"BreadcrumbList","@id":"http:\/\/tmp.cmsite.net\/jurunaoxigenio\/sobre-nos\/#breadcrumb","itemListElement":[{"@type":"ListItem","position":1,"name":"Home","item":"https:\/\/tmp.cmsite.net\/jurunaoxigenio\/"},{"@type":"ListItem","position":2,"name":"Sobre n\u00f3s"}]}]}},"_links":{"self":[{"href":"http:\/\/tmp.cmsite.net\/jurunaoxigenio\/wp-json\/wp\/v2\/pages\/75","targetHints":{"allow":["GET"]}}],"collection":[{"href":"http:\/\/tmp.cmsite.net\/jurunaoxigenio\/wp-json\/wp\/v2\/pages"}],"about":[{"href":"http:\/\/tmp.cmsite.net\/jurunaoxigenio\/wp-json\/wp\/v2\/types\/page"}],"author":[{"embeddable":true,"href":"http:\/\/tmp.cmsite.net\/jurunaoxigenio\/wp-json\/wp\/v2\/users\/1"}],"replies":[{"embeddable":true,"href":"http:\/\/tmp.cmsite.net\/jurunaoxigenio\/wp-json\/wp\/v2\/comments?post=75"}],"version-history":[{"count":61,"href":"http:\/\/tmp.cmsite.net\/jurunaoxigenio\/wp-json\/wp\/v2\/pages\/75\/revisions"}],"predecessor-version":[{"id":1361,"href":"http:\/\/tmp.cmsite.net\/jurunaoxigenio\/wp-json\/wp\/v2\/pages\/75\/revisions\/1361"}],"wp:attachment":[{"href":"http:\/\/tmp.cmsite.net\/jurunaoxigenio\/wp-json\/wp\/v2\/media?parent=75"}],"curies":[{"name":"wp","href":"https:\/\/api.w.org\/{rel}","templated":true}]}}