{"id":58,"date":"2018-08-28T10:13:33","date_gmt":"2018-08-28T13:13:33","guid":{"rendered":"http:\/\/tmp.clickmidia.com.br\/cbanaescola\/?page_id=58"},"modified":"2019-09-10T14:11:10","modified_gmt":"2019-09-10T17:11:10","slug":"proposta-pedagogica","status":"publish","type":"page","link":"https:\/\/tmp.cmsite.net\/cbaidiomas\/proposta-pedagogica\/","title":{"rendered":"Proposta Pedag\u00f3gica"},"content":{"rendered":"<p>[et_pb_section fb_built=&#8221;1&#8243; _builder_version=&#8221;3.10.1&#8243; background_image=&#8221;https:\/\/tmp.cmsite.net\/cbaidiomas\/wp-content\/uploads\/2018\/08\/fundo-slide-principal.jpg&#8221; custom_padding=&#8221;40px|0px|40px|0px|false|false&#8221;][et_pb_row use_custom_gutter=&#8221;on&#8221; gutter_width=&#8221;1&#8243; custom_padding=&#8221;3px|0px|0|0px|false|false&#8221; _builder_version=&#8221;3.10.1&#8243;][et_pb_column type=&#8221;1_2&#8243; _builder_version=&#8221;3.10.1&#8243; parallax=&#8221;off&#8221; parallax_method=&#8221;on&#8221;][et_pb_text _builder_version=&#8221;3.10.1&#8243; text_font=&#8221;||||||||&#8221; text_text_color=&#8221;#e5e5e5&#8243; text_font_size=&#8221;18px&#8221; header_font=&#8221;||||||||&#8221; header_2_font=&#8221;|||on|||||&#8221; header_2_text_color=&#8221;#ffffff&#8221; header_2_font_size=&#8221;35px&#8221; header_2_line_height=&#8221;1.3em&#8221; custom_margin=&#8221;|||&#8221;]<\/p>\n<h2><span style=\"color: #ffcc00;\"><strong>Proposta<span color=\"#ffcc00\" style=\"color: #ffcc00;\">\u00a0<\/span><\/strong><span style=\"color: #ffffff;\">pedag\u00f3gica<\/span><\/span><\/h2>\n<p>[\/et_pb_text][\/et_pb_column][et_pb_column type=&#8221;1_2&#8243; _builder_version=&#8221;3.10.1&#8243; parallax=&#8221;off&#8221; parallax_method=&#8221;on&#8221;][\/et_pb_column][\/et_pb_row][\/et_pb_section][et_pb_section fb_built=&#8221;1&#8243; module_id=&#8221;sobre&#8221; _builder_version=&#8221;3.10.1&#8243; custom_padding=&#8221;60px|0px|0|0px|false|false&#8221;][et_pb_row custom_padding=&#8221;27px|0px|0|0px|false|false&#8221; _builder_version=&#8221;3.10.1&#8243;][et_pb_column type=&#8221;1_2&#8243; _builder_version=&#8221;3.10.1&#8243; parallax=&#8221;off&#8221; parallax_method=&#8221;on&#8221;][et_pb_text _builder_version=&#8221;3.10.1&#8243; text_font=&#8221;||||||||&#8221; text_font_size=&#8221;16px&#8221; text_line_height=&#8221;1.8em&#8221; header_font=&#8221;||||||||&#8221; header_4_font=&#8221;||||||||&#8221; header_4_text_align=&#8221;left&#8221; header_4_font_size=&#8221;25px&#8221; custom_margin=&#8221;||-14px|&#8221;]<\/p>\n<h4>OS\u00a0<span style=\"color: #f58220;\"><b>TR\u00caS<\/b><\/span>\u00a0PILARES<\/h4>\n<p>&nbsp;<\/p>\n<p>[\/et_pb_text][et_pb_text _builder_version=&#8221;3.10.1&#8243; text_font=&#8221;||||||||&#8221; background_color=&#8221;#eaeaea&#8221; custom_padding=&#8221;30px|30px|20px|30px&#8221;]<\/p>\n<h5><strong>EDUCA\u00c7\u00c3O &#8211; PRESENTE E FUTURO<\/strong><\/h5>\n<p>CBA oferece oportunidades para o aluno desenvolver habilidades para a vida, que ir\u00e3o permitir que o indiv\u00edduo encare de maneira eficiente os desafios e exig\u00eancias do dia a dia. Durante as aulas o aluno ser\u00e1 capaz de:<\/p>\n<ul>\n<li>Tomar decis\u00f5es saud\u00e1veis<\/li>\n<li>Resolver problemas<\/li>\n<li>Desenvolver pensamento cr\u00edtico e criativo<\/li>\n<li>Comunicar-se com efici\u00eancia<\/li>\n<li>Lidar com emo\u00e7\u00f5es<\/li>\n<\/ul>\n<p>[\/et_pb_text][et_pb_text _builder_version=&#8221;3.10.1&#8243; text_font=&#8221;||||||||&#8221; text_text_color=&#8221;#ffffff&#8221; background_color=&#8221;#f2cc43&#8243; custom_margin=&#8221;|||&#8221; custom_padding=&#8221;30px|30px|30px|30px&#8221;]<\/p>\n<h5><strong><span style=\"color: #ffffff;\">BNCC<\/span><\/strong><\/h5>\n<p>A BNCC normatiza o conjunto org\u00e2nico e progressivo de aprendizagem essencial para os alunos da Educa\u00e7\u00e3o B\u00e1sica, isto \u00e9, Educa\u00e7\u00e3o Infantil e Ensino Fundamental. \u00c9 orientada pelos princ\u00edpios \u00e9ticos, pol\u00edticos e est\u00e9ticos que visam \u00e0 forma\u00e7\u00e3o humana integral e \u00e0 constru\u00e7\u00e3o de uma sociedade justa, democr\u00e1tica e inclusiva<\/p>\n<p>[\/et_pb_text][et_pb_text _builder_version=&#8221;3.10.1&#8243; text_font=&#8221;||||||||&#8221; background_color=&#8221;#eaeaea&#8221; text_orientation=&#8221;justified&#8221; custom_padding=&#8221;30px|30px|30px|30px&#8221;]<\/p>\n<h5><strong>COMPET\u00caNCIAS PARA O S\u00c9CULO XXI<\/strong><\/h5>\n<p>As compet\u00eancias para o S\u00e9culo XXI passam pela valoriza\u00e7\u00e3o das diversidades de saberes e viv\u00eancias culturais e apropria\u00e7\u00e3o de conhecimentos e experi\u00eancias que possibilitem entender as rela\u00e7\u00f5es pr\u00f3prias do mundo do trabalho e de fazer escolhas alinhadas ao exerc\u00edcio da cidadania e a seu projeto de vida, com liberdade, autonomia, consci\u00eancia cr\u00edtica e responsabilidade.<\/p>\n<p>Nos projetos desenvolvidos pelo CBA s\u00e3o trabalhados conceitos como trabalho em grupo e colaborativo que colaboram no desenvolvimento dos jovens tendo em vista o cen\u00e1rio atual.<\/p>\n<p>[\/et_pb_text][\/et_pb_column][et_pb_column type=&#8221;1_2&#8243; _builder_version=&#8221;3.10.1&#8243; parallax=&#8221;off&#8221; parallax_method=&#8221;on&#8221;][et_pb_text _builder_version=&#8221;3.10.1&#8243; text_font=&#8221;||||||||&#8221; text_font_size=&#8221;16px&#8221; text_line_height=&#8221;1.8em&#8221; header_font=&#8221;||||||||&#8221; header_4_font=&#8221;||||||||&#8221; header_4_font_size=&#8221;25px&#8221; text_orientation=&#8221;justified&#8221;]<\/p>\n<h4><strong>PROPOSTA PEDAG\u00d3GICA<\/strong><\/h4>\n<p>Com a metodologia CBA o aprendizado de Ingl\u00eas ocorre de maneira natural e contextualizada, explorando as 4 habilidades: Reading, Writing, Listening e Speaking, que s\u00e3o trabalhadas de forma integrada, am de consolidar o conhecimento do Idioma. A metodologia CBA foi desenvolvida para atender \u00e0s diretrizes da BNCC*.\u00a0\u00a0<\/p>\n<p><span style=\"font-size: 16px;\">*BNCC Base Nacional Comum Curricular<\/span><\/p>\n<p>[\/et_pb_text][et_pb_image src=&#8221;https:\/\/tmp.cmsite.net\/cbaidiomas\/wp-content\/uploads\/2018\/08\/img-proposta.jpg&#8221; align=&#8221;center&#8221; _builder_version=&#8221;3.10.1&#8243;][\/et_pb_image][\/et_pb_column][\/et_pb_row][\/et_pb_section]<\/p>\n","protected":false},"excerpt":{"rendered":"<p>Proposta\u00a0pedag\u00f3gicaOS\u00a0TR\u00caS\u00a0PILARES &nbsp;EDUCA\u00c7\u00c3O &#8211; PRESENTE E FUTURO CBA oferece oportunidades para o aluno desenvolver habilidades para a vida, que ir\u00e3o permitir que o indiv\u00edduo encare de maneira eficiente os desafios e exig\u00eancias do dia a dia. Durante as aulas o aluno ser\u00e1 capaz de: Tomar decis\u00f5es saud\u00e1veis Resolver problemas Desenvolver pensamento cr\u00edtico e criativo Comunicar-se com [&hellip;]<\/p>\n","protected":false},"author":1,"featured_media":0,"parent":0,"menu_order":2,"comment_status":"closed","ping_status":"closed","template":"","meta":{"_et_pb_use_builder":"on","_et_pb_old_content":"","_et_gb_content_width":""},"_links":{"self":[{"href":"https:\/\/tmp.cmsite.net\/cbaidiomas\/wp-json\/wp\/v2\/pages\/58"}],"collection":[{"href":"https:\/\/tmp.cmsite.net\/cbaidiomas\/wp-json\/wp\/v2\/pages"}],"about":[{"href":"https:\/\/tmp.cmsite.net\/cbaidiomas\/wp-json\/wp\/v2\/types\/page"}],"author":[{"embeddable":true,"href":"https:\/\/tmp.cmsite.net\/cbaidiomas\/wp-json\/wp\/v2\/users\/1"}],"replies":[{"embeddable":true,"href":"https:\/\/tmp.cmsite.net\/cbaidiomas\/wp-json\/wp\/v2\/comments?post=58"}],"version-history":[{"count":6,"href":"https:\/\/tmp.cmsite.net\/cbaidiomas\/wp-json\/wp\/v2\/pages\/58\/revisions"}],"predecessor-version":[{"id":122,"href":"https:\/\/tmp.cmsite.net\/cbaidiomas\/wp-json\/wp\/v2\/pages\/58\/revisions\/122"}],"wp:attachment":[{"href":"https:\/\/tmp.cmsite.net\/cbaidiomas\/wp-json\/wp\/v2\/media?parent=58"}],"curies":[{"name":"wp","href":"https:\/\/api.w.org\/{rel}","templated":true}]}}