{"id":351,"date":"2022-07-27T11:07:40","date_gmt":"2022-07-27T14:07:40","guid":{"rendered":"https:\/\/tmp.cmsite.net\/granmaster\/?page_id=351"},"modified":"2022-08-24T16:12:31","modified_gmt":"2022-08-24T19:12:31","slug":"ferramentas-pneumaticas","status":"publish","type":"page","link":"https:\/\/tmp.cmsite.net\/granmaster\/ferramentas-pneumaticas\/","title":{"rendered":"Ferramentas pneum\u00e1ticas"},"content":{"rendered":"\t\t<div data-elementor-type=\"wp-page\" data-elementor-id=\"351\" class=\"elementor elementor-351\">\n\t\t\t\t\t\t\t\t\t<section class=\"elementor-section elementor-top-section elementor-element elementor-element-3f0eb8f8 elementor-section-boxed elementor-section-height-default elementor-section-height-default elementor-invisible\" data-id=\"3f0eb8f8\" data-element_type=\"section\" data-settings=\"{&quot;background_background&quot;:&quot;classic&quot;,&quot;animation&quot;:&quot;fadeIn&quot;}\">\n\t\t\t\t\t\t<div class=\"elementor-container elementor-column-gap-default\">\n\t\t\t\t\t<div class=\"elementor-column elementor-col-50 elementor-top-column elementor-element elementor-element-1b36de7d\" data-id=\"1b36de7d\" data-element_type=\"column\">\n\t\t\t<div class=\"elementor-widget-wrap elementor-element-populated\">\n\t\t\t\t\t\t\t\t<div class=\"elementor-element elementor-element-3b41e4d8 elementor-invisible elementor-widget elementor-widget-heading\" data-id=\"3b41e4d8\" data-element_type=\"widget\" data-settings=\"{&quot;_animation&quot;:&quot;fadeInUp&quot;,&quot;_animation_tablet&quot;:&quot;fadeIn&quot;}\" data-widget_type=\"heading.default\">\n\t\t\t\t<div class=\"elementor-widget-container\">\n\t\t\t<style>\/*! elementor - v3.6.6 - 08-06-2022 *\/\n.elementor-heading-title{padding:0;margin:0;line-height:1}.elementor-widget-heading .elementor-heading-title[class*=elementor-size-]>a{color:inherit;font-size:inherit;line-height:inherit}.elementor-widget-heading .elementor-heading-title.elementor-size-small{font-size:15px}.elementor-widget-heading .elementor-heading-title.elementor-size-medium{font-size:19px}.elementor-widget-heading .elementor-heading-title.elementor-size-large{font-size:29px}.elementor-widget-heading .elementor-heading-title.elementor-size-xl{font-size:39px}.elementor-widget-heading .elementor-heading-title.elementor-size-xxl{font-size:59px}<\/style><h1 class=\"elementor-heading-title elementor-size-default\">Ferramentas Pneum\u00e1ticas<\/h1>\t\t<\/div>\n\t\t\t\t<\/div>\n\t\t\t\t\t<\/div>\n\t\t<\/div>\n\t\t\t\t<div class=\"elementor-column elementor-col-50 elementor-top-column elementor-element elementor-element-7973632f\" data-id=\"7973632f\" data-element_type=\"column\">\n\t\t\t<div class=\"elementor-widget-wrap elementor-element-populated\">\n\t\t\t\t\t\t\t\t<div class=\"elementor-element elementor-element-745ab33b elementor-invisible elementor-widget elementor-widget-text-editor\" data-id=\"745ab33b\" data-element_type=\"widget\" data-settings=\"{&quot;_animation&quot;:&quot;fadeInUp&quot;,&quot;_animation_tablet&quot;:&quot;fadeIn&quot;,&quot;_animation_delay&quot;:200}\" data-widget_type=\"text-editor.default\">\n\t\t\t\t<div class=\"elementor-widget-container\">\n\t\t\t<style>\/*! elementor - v3.6.6 - 08-06-2022 *\/\n.elementor-widget-text-editor.elementor-drop-cap-view-stacked .elementor-drop-cap{background-color:#818a91;color:#fff}.elementor-widget-text-editor.elementor-drop-cap-view-framed .elementor-drop-cap{color:#818a91;border:3px solid;background-color:transparent}.elementor-widget-text-editor:not(.elementor-drop-cap-view-default) .elementor-drop-cap{margin-top:8px}.elementor-widget-text-editor:not(.elementor-drop-cap-view-default) .elementor-drop-cap-letter{width:1em;height:1em}.elementor-widget-text-editor .elementor-drop-cap{float:left;text-align:center;line-height:1;font-size:50px}.elementor-widget-text-editor .elementor-drop-cap-letter{display:inline-block}<\/style>\t\t\t\t<p>A Puma \u00e9 um fornecedor de ferramentas pneum\u00e1ticas de alta qualidade que atua <strong>h\u00e1 25 anos no segmento pneum\u00e1tico.<\/strong><\/p><p>S\u00e3o mais de 30 categorias de ferramentas que v\u00e3o desde Pistolas de Pintura, passando pelas melhores Chaves Catraca e Chaves de Impacto do mercado, at\u00e9 Furadeiras, Parafusadeiras, Grampeadores, Limadeiras, Lixadeiras, Marteletes, Rebitadores e muitos outros produtos.<\/p>\t\t\t\t\t\t<\/div>\n\t\t\t\t<\/div>\n\t\t\t\t\t<\/div>\n\t\t<\/div>\n\t\t\t\t\t\t\t<\/div>\n\t\t<\/section>\n\t\t\t\t<section class=\"elementor-section elementor-top-section elementor-element elementor-element-3b0f02e elementor-section-boxed elementor-section-height-default elementor-section-height-default\" data-id=\"3b0f02e\" data-element_type=\"section\" data-settings=\"{&quot;background_background&quot;:&quot;classic&quot;}\">\n\t\t\t\t\t\t<div class=\"elementor-container elementor-column-gap-default\">\n\t\t\t\t\t<div class=\"elementor-column elementor-col-50 elementor-top-column elementor-element elementor-element-eb830be\" data-id=\"eb830be\" data-element_type=\"column\" data-settings=\"{&quot;background_background&quot;:&quot;classic&quot;}\">\n\t\t\t<div class=\"elementor-widget-wrap elementor-element-populated\">\n\t\t\t\t\t\t\t\t<section class=\"elementor-section elementor-inner-section elementor-element elementor-element-a54c2f5 elementor-section-boxed elementor-section-height-default elementor-section-height-default\" data-id=\"a54c2f5\" data-element_type=\"section\">\n\t\t\t\t\t\t<div class=\"elementor-container elementor-column-gap-default\">\n\t\t\t\t\t<div class=\"elementor-column elementor-col-100 elementor-inner-column elementor-element elementor-element-19af3c5\" data-id=\"19af3c5\" data-element_type=\"column\">\n\t\t\t<div class=\"elementor-widget-wrap elementor-element-populated\">\n\t\t\t\t\t\t\t\t<div class=\"elementor-element elementor-element-61fde03 animated-fast elementor-invisible elementor-widget elementor-widget-heading\" data-id=\"61fde03\" data-element_type=\"widget\" data-settings=\"{&quot;_animation&quot;:&quot;fadeInUp&quot;}\" data-widget_type=\"heading.default\">\n\t\t\t\t<div class=\"elementor-widget-container\">\n\t\t\t<h2 class=\"elementor-heading-title elementor-size-default\">Linha completa de ferramentas pneum\u00e1ticas da Puma:<\/h2>\t\t<\/div>\n\t\t\t\t<\/div>\n\t\t\t\t\t<\/div>\n\t\t<\/div>\n\t\t\t\t\t\t\t<\/div>\n\t\t<\/section>\n\t\t\t\t<section class=\"elementor-section elementor-inner-section elementor-element elementor-element-d2a7664 elementor-section-boxed elementor-section-height-default elementor-section-height-default elementor-invisible\" data-id=\"d2a7664\" data-element_type=\"section\" data-settings=\"{&quot;animation&quot;:&quot;fadeIn&quot;}\">\n\t\t\t\t\t\t<div class=\"elementor-container elementor-column-gap-default\">\n\t\t\t\t\t<div class=\"elementor-column elementor-col-50 elementor-inner-column elementor-element elementor-element-f15cad5\" data-id=\"f15cad5\" data-element_type=\"column\">\n\t\t\t<div class=\"elementor-widget-wrap elementor-element-populated\">\n\t\t\t\t\t\t\t\t<div class=\"elementor-element elementor-element-6e18789 elementor-widget elementor-widget-text-editor\" data-id=\"6e18789\" data-element_type=\"widget\" data-widget_type=\"text-editor.default\">\n\t\t\t\t<div class=\"elementor-widget-container\">\n\t\t\t\t\t\t\t<ul><li>Furadeira Pneum\u00e1tica 1\/4\u2033<\/li><li>Martelete Pneum\u00e1tico<\/li><li>Lixadeiras Pneum\u00e1ticas<\/li><li>Chaves de Impacto<\/li><li>Esmerilhadeiras<\/li><\/ul>\t\t\t\t\t\t<\/div>\n\t\t\t\t<\/div>\n\t\t\t\t\t<\/div>\n\t\t<\/div>\n\t\t\t\t<div class=\"elementor-column elementor-col-50 elementor-inner-column elementor-element elementor-element-e740efd\" data-id=\"e740efd\" data-element_type=\"column\">\n\t\t\t<div class=\"elementor-widget-wrap elementor-element-populated\">\n\t\t\t\t\t\t\t\t<div class=\"elementor-element elementor-element-a9bd845 elementor-widget elementor-widget-text-editor\" data-id=\"a9bd845\" data-element_type=\"widget\" data-widget_type=\"text-editor.default\">\n\t\t\t\t<div class=\"elementor-widget-container\">\n\t\t\t\t\t\t\t<ul><li>Mini-ret\u00edfica<\/li><li>Grampeadores<\/li><li>Pistola de pintura<\/li><li>Parafusadeiras<\/li><\/ul>\t\t\t\t\t\t<\/div>\n\t\t\t\t<\/div>\n\t\t\t\t\t<\/div>\n\t\t<\/div>\n\t\t\t\t\t\t\t<\/div>\n\t\t<\/section>\n\t\t\t\t\t<\/div>\n\t\t<\/div>\n\t\t\t\t<div class=\"elementor-column elementor-col-50 elementor-top-column elementor-element elementor-element-33517b2\" data-id=\"33517b2\" data-element_type=\"column\">\n\t\t\t<div class=\"elementor-widget-wrap elementor-element-populated\">\n\t\t\t\t\t\t\t\t<div class=\"elementor-element elementor-element-8ee64f8 elementor-invisible elementor-widget elementor-widget-image\" data-id=\"8ee64f8\" data-element_type=\"widget\" data-settings=\"{&quot;_animation&quot;:&quot;fadeInRight&quot;}\" data-widget_type=\"image.default\">\n\t\t\t\t<div class=\"elementor-widget-container\">\n\t\t\t<style>\/*! elementor - v3.6.6 - 08-06-2022 *\/\n.elementor-widget-image{text-align:center}.elementor-widget-image a{display:inline-block}.elementor-widget-image a img[src$=\".svg\"]{width:48px}.elementor-widget-image img{vertical-align:middle;display:inline-block}<\/style>\t\t\t\t\t\t\t\t\t\t\t\t<img loading=\"lazy\" decoding=\"async\" width=\"540\" height=\"540\" src=\"https:\/\/tmp.cmsite.net\/granmaster\/wp-content\/uploads\/2022\/07\/ferramentas_pneumaticas-2.jpg\" class=\"attachment-full size-full\" alt=\"\" srcset=\"https:\/\/tmp.cmsite.net\/granmaster\/wp-content\/uploads\/2022\/07\/ferramentas_pneumaticas-2.jpg 540w, https:\/\/tmp.cmsite.net\/granmaster\/wp-content\/uploads\/2022\/07\/ferramentas_pneumaticas-2-300x300.jpg 300w, https:\/\/tmp.cmsite.net\/granmaster\/wp-content\/uploads\/2022\/07\/ferramentas_pneumaticas-2-150x150.jpg 150w\" sizes=\"auto, (max-width: 540px) 100vw, 540px\" \/>\t\t\t\t\t\t\t\t\t\t\t\t\t\t\t<\/div>\n\t\t\t\t<\/div>\n\t\t\t\t\t<\/div>\n\t\t<\/div>\n\t\t\t\t\t\t\t<\/div>\n\t\t<\/section>\n\t\t\t\t<section class=\"elementor-section elementor-top-section elementor-element elementor-element-673573a elementor-section-boxed elementor-section-height-default elementor-section-height-default\" data-id=\"673573a\" data-element_type=\"section\">\n\t\t\t\t\t\t<div class=\"elementor-container elementor-column-gap-default\">\n\t\t\t\t\t<div class=\"elementor-column elementor-col-25 elementor-top-column elementor-element elementor-element-d0b582a\" data-id=\"d0b582a\" data-element_type=\"column\">\n\t\t\t<div class=\"elementor-widget-wrap elementor-element-populated\">\n\t\t\t\t\t\t\t\t<div class=\"elementor-element elementor-element-91dcdf4 elementor-widget elementor-widget-image\" data-id=\"91dcdf4\" data-element_type=\"widget\" data-widget_type=\"image.default\">\n\t\t\t\t<div class=\"elementor-widget-container\">\n\t\t\t\t\t\t\t\t\t\t\t\t\t\t\t<img loading=\"lazy\" decoding=\"async\" width=\"600\" height=\"600\" src=\"https:\/\/tmp.cmsite.net\/granmaster\/wp-content\/uploads\/2022\/08\/ferramenta-pneumatica-grampeador.jpg\" class=\"attachment-large size-large\" alt=\"\" srcset=\"https:\/\/tmp.cmsite.net\/granmaster\/wp-content\/uploads\/2022\/08\/ferramenta-pneumatica-grampeador.jpg 600w, https:\/\/tmp.cmsite.net\/granmaster\/wp-content\/uploads\/2022\/08\/ferramenta-pneumatica-grampeador-300x300.jpg 300w, https:\/\/tmp.cmsite.net\/granmaster\/wp-content\/uploads\/2022\/08\/ferramenta-pneumatica-grampeador-150x150.jpg 150w\" sizes=\"auto, (max-width: 600px) 100vw, 600px\" \/>\t\t\t\t\t\t\t\t\t\t\t\t\t\t\t<\/div>\n\t\t\t\t<\/div>\n\t\t\t\t\t<\/div>\n\t\t<\/div>\n\t\t\t\t<div class=\"elementor-column elementor-col-25 elementor-top-column elementor-element elementor-element-ffd8129\" data-id=\"ffd8129\" data-element_type=\"column\">\n\t\t\t<div class=\"elementor-widget-wrap elementor-element-populated\">\n\t\t\t\t\t\t\t\t<div class=\"elementor-element elementor-element-d2bcda1 elementor-widget elementor-widget-image\" data-id=\"d2bcda1\" data-element_type=\"widget\" data-widget_type=\"image.default\">\n\t\t\t\t<div class=\"elementor-widget-container\">\n\t\t\t\t\t\t\t\t\t\t\t\t\t\t\t<img loading=\"lazy\" decoding=\"async\" width=\"600\" height=\"600\" src=\"https:\/\/tmp.cmsite.net\/granmaster\/wp-content\/uploads\/2022\/08\/ferramenta-pneumatica-3.jpg\" class=\"attachment-large size-large\" alt=\"\" srcset=\"https:\/\/tmp.cmsite.net\/granmaster\/wp-content\/uploads\/2022\/08\/ferramenta-pneumatica-3.jpg 600w, https:\/\/tmp.cmsite.net\/granmaster\/wp-content\/uploads\/2022\/08\/ferramenta-pneumatica-3-300x300.jpg 300w, https:\/\/tmp.cmsite.net\/granmaster\/wp-content\/uploads\/2022\/08\/ferramenta-pneumatica-3-150x150.jpg 150w\" sizes=\"auto, (max-width: 600px) 100vw, 600px\" \/>\t\t\t\t\t\t\t\t\t\t\t\t\t\t\t<\/div>\n\t\t\t\t<\/div>\n\t\t\t\t\t<\/div>\n\t\t<\/div>\n\t\t\t\t<div class=\"elementor-column elementor-col-25 elementor-top-column elementor-element elementor-element-cd824fc\" data-id=\"cd824fc\" data-element_type=\"column\">\n\t\t\t<div class=\"elementor-widget-wrap elementor-element-populated\">\n\t\t\t\t\t\t\t\t<div class=\"elementor-element elementor-element-652a079 elementor-widget elementor-widget-image\" data-id=\"652a079\" data-element_type=\"widget\" data-widget_type=\"image.default\">\n\t\t\t\t<div class=\"elementor-widget-container\">\n\t\t\t\t\t\t\t\t\t\t\t\t\t\t\t<img loading=\"lazy\" decoding=\"async\" width=\"600\" height=\"600\" src=\"https:\/\/tmp.cmsite.net\/granmaster\/wp-content\/uploads\/2022\/08\/ferramenta-pneumatica-retifica.jpg\" class=\"attachment-large size-large\" alt=\"\" srcset=\"https:\/\/tmp.cmsite.net\/granmaster\/wp-content\/uploads\/2022\/08\/ferramenta-pneumatica-retifica.jpg 600w, https:\/\/tmp.cmsite.net\/granmaster\/wp-content\/uploads\/2022\/08\/ferramenta-pneumatica-retifica-300x300.jpg 300w, https:\/\/tmp.cmsite.net\/granmaster\/wp-content\/uploads\/2022\/08\/ferramenta-pneumatica-retifica-150x150.jpg 150w\" sizes=\"auto, (max-width: 600px) 100vw, 600px\" \/>\t\t\t\t\t\t\t\t\t\t\t\t\t\t\t<\/div>\n\t\t\t\t<\/div>\n\t\t\t\t\t<\/div>\n\t\t<\/div>\n\t\t\t\t<div class=\"elementor-column elementor-col-25 elementor-top-column elementor-element elementor-element-80e2ef6\" data-id=\"80e2ef6\" data-element_type=\"column\">\n\t\t\t<div class=\"elementor-widget-wrap elementor-element-populated\">\n\t\t\t\t\t\t\t\t<div class=\"elementor-element elementor-element-0049074 elementor-widget elementor-widget-image\" data-id=\"0049074\" data-element_type=\"widget\" data-widget_type=\"image.default\">\n\t\t\t\t<div class=\"elementor-widget-container\">\n\t\t\t\t\t\t\t\t\t\t\t\t\t\t\t<img loading=\"lazy\" decoding=\"async\" width=\"600\" height=\"600\" src=\"https:\/\/tmp.cmsite.net\/granmaster\/wp-content\/uploads\/2022\/08\/ferramenta-pneumatica-2.jpg\" class=\"attachment-large size-large\" alt=\"\" srcset=\"https:\/\/tmp.cmsite.net\/granmaster\/wp-content\/uploads\/2022\/08\/ferramenta-pneumatica-2.jpg 600w, https:\/\/tmp.cmsite.net\/granmaster\/wp-content\/uploads\/2022\/08\/ferramenta-pneumatica-2-300x300.jpg 300w, https:\/\/tmp.cmsite.net\/granmaster\/wp-content\/uploads\/2022\/08\/ferramenta-pneumatica-2-150x150.jpg 150w\" sizes=\"auto, (max-width: 600px) 100vw, 600px\" \/>\t\t\t\t\t\t\t\t\t\t\t\t\t\t\t<\/div>\n\t\t\t\t<\/div>\n\t\t\t\t\t<\/div>\n\t\t<\/div>\n\t\t\t\t\t\t\t<\/div>\n\t\t<\/section>\n\t\t\t\t\t\t\t<\/div>\n\t\t","protected":false},"excerpt":{"rendered":"<p>Ferramentas Pneum\u00e1ticas A Puma \u00e9 um fornecedor de ferramentas pneum\u00e1ticas de alta qualidade que atua h\u00e1 25 anos no segmento pneum\u00e1tico. S\u00e3o mais de 30 categorias de ferramentas que v\u00e3o desde Pistolas de Pintura, passando pelas melhores Chaves Catraca e Chaves de Impacto do mercado, at\u00e9 Furadeiras, Parafusadeiras, Grampeadores, Limadeiras, Lixadeiras, Marteletes, Rebitadores e muitos [&hellip;]<\/p>\n","protected":false},"author":1,"featured_media":0,"parent":0,"menu_order":0,"comment_status":"closed","ping_status":"closed","template":"elementor_header_footer","meta":{"footnotes":""},"class_list":["post-351","page","type-page","status-publish","hentry"],"yoast_head":"<!-- This site is optimized with the Yoast SEO plugin v19.2 - https:\/\/yoast.com\/wordpress\/plugins\/seo\/ -->\n<title>Ferramentas pneum\u00e1ticas - Granmaster<\/title>\n<meta name=\"robots\" content=\"noindex, follow, max-snippet:-1, max-image-preview:large, max-video-preview:-1\" \/>\n<meta property=\"og:locale\" content=\"pt_BR\" \/>\n<meta property=\"og:type\" content=\"article\" \/>\n<meta property=\"og:title\" content=\"Ferramentas pneum\u00e1ticas - Granmaster\" \/>\n<meta property=\"og:description\" content=\"Ferramentas Pneum\u00e1ticas A Puma \u00e9 um fornecedor de ferramentas pneum\u00e1ticas de alta qualidade que atua h\u00e1 25 anos no segmento pneum\u00e1tico. S\u00e3o mais de 30 categorias de ferramentas que v\u00e3o desde Pistolas de Pintura, passando pelas melhores Chaves Catraca e Chaves de Impacto do mercado, at\u00e9 Furadeiras, Parafusadeiras, Grampeadores, Limadeiras, Lixadeiras, Marteletes, Rebitadores e muitos [&hellip;]\" \/>\n<meta property=\"og:url\" content=\"https:\/\/tmp.cmsite.net\/granmaster\/ferramentas-pneumaticas\/\" \/>\n<meta property=\"og:site_name\" content=\"Granmaster\" \/>\n<meta property=\"article:modified_time\" content=\"2022-08-24T19:12:31+00:00\" \/>\n<meta property=\"og:image\" content=\"https:\/\/tmp.cmsite.net\/granmaster\/wp-content\/uploads\/2022\/07\/ferramentas_pneumaticas-2.jpg\" \/>\n<meta name=\"author\" content=\"admin\" \/>\n<meta name=\"twitter:card\" content=\"summary_large_image\" \/>\n<meta name=\"twitter:label1\" content=\"Est. tempo de leitura\" \/>\n\t<meta name=\"twitter:data1\" content=\"2 minutos\" \/>\n<script type=\"application\/ld+json\" class=\"yoast-schema-graph\">{\"@context\":\"https:\/\/schema.org\",\"@graph\":[{\"@type\":\"WebSite\",\"@id\":\"https:\/\/tmp.cmsite.net\/granmaster\/#website\",\"url\":\"https:\/\/tmp.cmsite.net\/granmaster\/\",\"name\":\"Granmaster\",\"description\":\"\",\"potentialAction\":[{\"@type\":\"SearchAction\",\"target\":{\"@type\":\"EntryPoint\",\"urlTemplate\":\"https:\/\/tmp.cmsite.net\/granmaster\/?s={search_term_string}\"},\"query-input\":\"required name=search_term_string\"}],\"inLanguage\":\"pt-BR\"},{\"@type\":\"ImageObject\",\"inLanguage\":\"pt-BR\",\"@id\":\"https:\/\/tmp.cmsite.net\/granmaster\/ferramentas-pneumaticas\/#primaryimage\",\"url\":\"https:\/\/tmp.cmsite.net\/granmaster\/wp-content\/uploads\/2022\/07\/ferramentas_pneumaticas-2.jpg\",\"contentUrl\":\"https:\/\/tmp.cmsite.net\/granmaster\/wp-content\/uploads\/2022\/07\/ferramentas_pneumaticas-2.jpg\",\"width\":540,\"height\":540},{\"@type\":\"WebPage\",\"@id\":\"https:\/\/tmp.cmsite.net\/granmaster\/ferramentas-pneumaticas\/#webpage\",\"url\":\"https:\/\/tmp.cmsite.net\/granmaster\/ferramentas-pneumaticas\/\",\"name\":\"Ferramentas pneum\u00e1ticas - Granmaster\",\"isPartOf\":{\"@id\":\"https:\/\/tmp.cmsite.net\/granmaster\/#website\"},\"primaryImageOfPage\":{\"@id\":\"https:\/\/tmp.cmsite.net\/granmaster\/ferramentas-pneumaticas\/#primaryimage\"},\"datePublished\":\"2022-07-27T14:07:40+00:00\",\"dateModified\":\"2022-08-24T19:12:31+00:00\",\"breadcrumb\":{\"@id\":\"https:\/\/tmp.cmsite.net\/granmaster\/ferramentas-pneumaticas\/#breadcrumb\"},\"inLanguage\":\"pt-BR\",\"potentialAction\":[{\"@type\":\"ReadAction\",\"target\":[\"https:\/\/tmp.cmsite.net\/granmaster\/ferramentas-pneumaticas\/\"]}]},{\"@type\":\"BreadcrumbList\",\"@id\":\"https:\/\/tmp.cmsite.net\/granmaster\/ferramentas-pneumaticas\/#breadcrumb\",\"itemListElement\":[{\"@type\":\"ListItem\",\"position\":1,\"name\":\"In\u00edcio\",\"item\":\"https:\/\/tmp.cmsite.net\/granmaster\/\"},{\"@type\":\"ListItem\",\"position\":2,\"name\":\"Ferramentas pneum\u00e1ticas\"}]}]}<\/script>\n<!-- \/ Yoast SEO plugin. -->","yoast_head_json":{"title":"Ferramentas pneum\u00e1ticas - Granmaster","robots":{"index":"noindex","follow":"follow","max-snippet":"max-snippet:-1","max-image-preview":"max-image-preview:large","max-video-preview":"max-video-preview:-1"},"og_locale":"pt_BR","og_type":"article","og_title":"Ferramentas pneum\u00e1ticas - Granmaster","og_description":"Ferramentas Pneum\u00e1ticas A Puma \u00e9 um fornecedor de ferramentas pneum\u00e1ticas de alta qualidade que atua h\u00e1 25 anos no segmento pneum\u00e1tico. S\u00e3o mais de 30 categorias de ferramentas que v\u00e3o desde Pistolas de Pintura, passando pelas melhores Chaves Catraca e Chaves de Impacto do mercado, at\u00e9 Furadeiras, Parafusadeiras, Grampeadores, Limadeiras, Lixadeiras, Marteletes, Rebitadores e muitos [&hellip;]","og_url":"https:\/\/tmp.cmsite.net\/granmaster\/ferramentas-pneumaticas\/","og_site_name":"Granmaster","article_modified_time":"2022-08-24T19:12:31+00:00","og_image":[{"url":"https:\/\/tmp.cmsite.net\/granmaster\/wp-content\/uploads\/2022\/07\/ferramentas_pneumaticas-2.jpg"}],"author":"admin","twitter_card":"summary_large_image","twitter_misc":{"Est. tempo de leitura":"2 minutos"},"schema":{"@context":"https:\/\/schema.org","@graph":[{"@type":"WebSite","@id":"https:\/\/tmp.cmsite.net\/granmaster\/#website","url":"https:\/\/tmp.cmsite.net\/granmaster\/","name":"Granmaster","description":"","potentialAction":[{"@type":"SearchAction","target":{"@type":"EntryPoint","urlTemplate":"https:\/\/tmp.cmsite.net\/granmaster\/?s={search_term_string}"},"query-input":"required name=search_term_string"}],"inLanguage":"pt-BR"},{"@type":"ImageObject","inLanguage":"pt-BR","@id":"https:\/\/tmp.cmsite.net\/granmaster\/ferramentas-pneumaticas\/#primaryimage","url":"https:\/\/tmp.cmsite.net\/granmaster\/wp-content\/uploads\/2022\/07\/ferramentas_pneumaticas-2.jpg","contentUrl":"https:\/\/tmp.cmsite.net\/granmaster\/wp-content\/uploads\/2022\/07\/ferramentas_pneumaticas-2.jpg","width":540,"height":540},{"@type":"WebPage","@id":"https:\/\/tmp.cmsite.net\/granmaster\/ferramentas-pneumaticas\/#webpage","url":"https:\/\/tmp.cmsite.net\/granmaster\/ferramentas-pneumaticas\/","name":"Ferramentas pneum\u00e1ticas - Granmaster","isPartOf":{"@id":"https:\/\/tmp.cmsite.net\/granmaster\/#website"},"primaryImageOfPage":{"@id":"https:\/\/tmp.cmsite.net\/granmaster\/ferramentas-pneumaticas\/#primaryimage"},"datePublished":"2022-07-27T14:07:40+00:00","dateModified":"2022-08-24T19:12:31+00:00","breadcrumb":{"@id":"https:\/\/tmp.cmsite.net\/granmaster\/ferramentas-pneumaticas\/#breadcrumb"},"inLanguage":"pt-BR","potentialAction":[{"@type":"ReadAction","target":["https:\/\/tmp.cmsite.net\/granmaster\/ferramentas-pneumaticas\/"]}]},{"@type":"BreadcrumbList","@id":"https:\/\/tmp.cmsite.net\/granmaster\/ferramentas-pneumaticas\/#breadcrumb","itemListElement":[{"@type":"ListItem","position":1,"name":"In\u00edcio","item":"https:\/\/tmp.cmsite.net\/granmaster\/"},{"@type":"ListItem","position":2,"name":"Ferramentas pneum\u00e1ticas"}]}]}},"_links":{"self":[{"href":"https:\/\/tmp.cmsite.net\/granmaster\/wp-json\/wp\/v2\/pages\/351","targetHints":{"allow":["GET"]}}],"collection":[{"href":"https:\/\/tmp.cmsite.net\/granmaster\/wp-json\/wp\/v2\/pages"}],"about":[{"href":"https:\/\/tmp.cmsite.net\/granmaster\/wp-json\/wp\/v2\/types\/page"}],"author":[{"embeddable":true,"href":"https:\/\/tmp.cmsite.net\/granmaster\/wp-json\/wp\/v2\/users\/1"}],"replies":[{"embeddable":true,"href":"https:\/\/tmp.cmsite.net\/granmaster\/wp-json\/wp\/v2\/comments?post=351"}],"version-history":[{"count":28,"href":"https:\/\/tmp.cmsite.net\/granmaster\/wp-json\/wp\/v2\/pages\/351\/revisions"}],"predecessor-version":[{"id":781,"href":"https:\/\/tmp.cmsite.net\/granmaster\/wp-json\/wp\/v2\/pages\/351\/revisions\/781"}],"wp:attachment":[{"href":"https:\/\/tmp.cmsite.net\/granmaster\/wp-json\/wp\/v2\/media?parent=351"}],"curies":[{"name":"wp","href":"https:\/\/api.w.org\/{rel}","templated":true}]}}