{"id":411,"date":"2022-07-27T16:56:54","date_gmt":"2022-07-27T19:56:54","guid":{"rendered":"https:\/\/tmp.cmsite.net\/granmaster\/?page_id=411"},"modified":"2022-08-24T16:14:14","modified_gmt":"2022-08-24T19:14:14","slug":"locacao","status":"publish","type":"page","link":"https:\/\/tmp.cmsite.net\/granmaster\/locacao\/","title":{"rendered":"Loca\u00e7\u00e3o"},"content":{"rendered":"\t\t<div data-elementor-type=\"wp-page\" data-elementor-id=\"411\" class=\"elementor elementor-411\">\n\t\t\t\t\t\t\t\t\t<section class=\"elementor-section elementor-top-section elementor-element elementor-element-3f0eb8f8 elementor-section-boxed elementor-section-height-default elementor-section-height-default elementor-invisible\" data-id=\"3f0eb8f8\" data-element_type=\"section\" data-settings=\"{&quot;background_background&quot;:&quot;classic&quot;,&quot;animation&quot;:&quot;fadeIn&quot;}\">\n\t\t\t\t\t\t<div class=\"elementor-container elementor-column-gap-default\">\n\t\t\t\t\t<div class=\"elementor-column elementor-col-50 elementor-top-column elementor-element elementor-element-1b36de7d\" data-id=\"1b36de7d\" data-element_type=\"column\">\n\t\t\t<div class=\"elementor-widget-wrap elementor-element-populated\">\n\t\t\t\t\t\t\t\t<div class=\"elementor-element elementor-element-3b41e4d8 elementor-invisible elementor-widget elementor-widget-heading\" data-id=\"3b41e4d8\" data-element_type=\"widget\" data-settings=\"{&quot;_animation&quot;:&quot;fadeInUp&quot;,&quot;_animation_tablet&quot;:&quot;fadeIn&quot;}\" data-widget_type=\"heading.default\">\n\t\t\t\t<div class=\"elementor-widget-container\">\n\t\t\t<style>\/*! elementor - v3.6.6 - 08-06-2022 *\/\n.elementor-heading-title{padding:0;margin:0;line-height:1}.elementor-widget-heading .elementor-heading-title[class*=elementor-size-]>a{color:inherit;font-size:inherit;line-height:inherit}.elementor-widget-heading .elementor-heading-title.elementor-size-small{font-size:15px}.elementor-widget-heading .elementor-heading-title.elementor-size-medium{font-size:19px}.elementor-widget-heading .elementor-heading-title.elementor-size-large{font-size:29px}.elementor-widget-heading .elementor-heading-title.elementor-size-xl{font-size:39px}.elementor-widget-heading .elementor-heading-title.elementor-size-xxl{font-size:59px}<\/style><h1 class=\"elementor-heading-title elementor-size-default\">Loca\u00e7\u00e3o<\/h1>\t\t<\/div>\n\t\t\t\t<\/div>\n\t\t\t\t\t<\/div>\n\t\t<\/div>\n\t\t\t\t<div class=\"elementor-column elementor-col-50 elementor-top-column elementor-element elementor-element-7973632f\" data-id=\"7973632f\" data-element_type=\"column\">\n\t\t\t<div class=\"elementor-widget-wrap elementor-element-populated\">\n\t\t\t\t\t\t\t\t<div class=\"elementor-element elementor-element-745ab33b elementor-invisible elementor-widget elementor-widget-text-editor\" data-id=\"745ab33b\" data-element_type=\"widget\" data-settings=\"{&quot;_animation&quot;:&quot;fadeInUp&quot;,&quot;_animation_tablet&quot;:&quot;fadeIn&quot;,&quot;_animation_delay&quot;:200}\" data-widget_type=\"text-editor.default\">\n\t\t\t\t<div class=\"elementor-widget-container\">\n\t\t\t<style>\/*! elementor - v3.6.6 - 08-06-2022 *\/\n.elementor-widget-text-editor.elementor-drop-cap-view-stacked .elementor-drop-cap{background-color:#818a91;color:#fff}.elementor-widget-text-editor.elementor-drop-cap-view-framed .elementor-drop-cap{color:#818a91;border:3px solid;background-color:transparent}.elementor-widget-text-editor:not(.elementor-drop-cap-view-default) .elementor-drop-cap{margin-top:8px}.elementor-widget-text-editor:not(.elementor-drop-cap-view-default) .elementor-drop-cap-letter{width:1em;height:1em}.elementor-widget-text-editor .elementor-drop-cap{float:left;text-align:center;line-height:1;font-size:50px}.elementor-widget-text-editor .elementor-drop-cap-letter{display:inline-block}<\/style>\t\t\t\t<p>Os servi\u00e7os de aluguel de compressores de ar s\u00e3o essenciais para diversas ind\u00fastrias que precisam fornecer ar comprimido para seus processos. Para necessidades, planos ou emerg\u00eancias de curto ou longo prazo.<\/p><p>A configura\u00e7\u00e3o r\u00e1pida e uma abordagem econ\u00f4mica e eficiente em termos de energia fazem parte de um pacote completo,<strong> totalmente adaptado \u00e0 sua aplica\u00e7\u00e3o espec\u00edfica.<\/strong><\/p>\t\t\t\t\t\t<\/div>\n\t\t\t\t<\/div>\n\t\t\t\t\t<\/div>\n\t\t<\/div>\n\t\t\t\t\t\t\t<\/div>\n\t\t<\/section>\n\t\t\t\t<section class=\"elementor-section elementor-top-section elementor-element elementor-element-3b0f02e elementor-section-boxed elementor-section-height-default elementor-section-height-default\" data-id=\"3b0f02e\" data-element_type=\"section\" data-settings=\"{&quot;background_background&quot;:&quot;classic&quot;}\">\n\t\t\t\t\t\t<div class=\"elementor-container elementor-column-gap-default\">\n\t\t\t\t\t<div class=\"elementor-column elementor-col-50 elementor-top-column elementor-element elementor-element-eb830be\" data-id=\"eb830be\" data-element_type=\"column\" data-settings=\"{&quot;background_background&quot;:&quot;classic&quot;}\">\n\t\t\t<div class=\"elementor-widget-wrap elementor-element-populated\">\n\t\t\t\t\t\t\t\t<section class=\"elementor-section elementor-inner-section elementor-element elementor-element-a54c2f5 elementor-section-boxed elementor-section-height-default elementor-section-height-default\" data-id=\"a54c2f5\" data-element_type=\"section\">\n\t\t\t\t\t\t<div class=\"elementor-container elementor-column-gap-default\">\n\t\t\t\t\t<div class=\"elementor-column elementor-col-100 elementor-inner-column elementor-element elementor-element-19af3c5\" data-id=\"19af3c5\" data-element_type=\"column\">\n\t\t\t<div class=\"elementor-widget-wrap elementor-element-populated\">\n\t\t\t\t\t\t\t\t<div class=\"elementor-element elementor-element-61fde03 animated-fast elementor-invisible elementor-widget elementor-widget-heading\" data-id=\"61fde03\" data-element_type=\"widget\" data-settings=\"{&quot;_animation&quot;:&quot;fadeInUp&quot;}\" data-widget_type=\"heading.default\">\n\t\t\t\t<div class=\"elementor-widget-container\">\n\t\t\t<h2 class=\"elementor-heading-title elementor-size-default\">Terceiriza\u00e7\u00e3o de Ar Comprimido<\/h2>\t\t<\/div>\n\t\t\t\t<\/div>\n\t\t\t\t<div class=\"elementor-element elementor-element-8d9455c elementor-widget elementor-widget-text-editor\" data-id=\"8d9455c\" data-element_type=\"widget\" data-widget_type=\"text-editor.default\">\n\t\t\t\t<div class=\"elementor-widget-container\">\n\t\t\t\t\t\t\t<p>A terceiriza\u00e7\u00e3o do ar comprimido permite que o gestor reduza custos gerais e concentre esfor\u00e7os em suas atividades principais. Oferecemos a solu\u00e7\u00e3o completa e de acordo com a necessidade da sua empresa.<\/p><p>Temos a terceiriza\u00e7\u00e3o para todos os tipos de compressores:<\/p>\t\t\t\t\t\t<\/div>\n\t\t\t\t<\/div>\n\t\t\t\t\t<\/div>\n\t\t<\/div>\n\t\t\t\t\t\t\t<\/div>\n\t\t<\/section>\n\t\t\t\t<section class=\"elementor-section elementor-inner-section elementor-element elementor-element-d2a7664 elementor-section-boxed elementor-section-height-default elementor-section-height-default elementor-invisible\" data-id=\"d2a7664\" data-element_type=\"section\" data-settings=\"{&quot;animation&quot;:&quot;fadeIn&quot;}\">\n\t\t\t\t\t\t<div class=\"elementor-container elementor-column-gap-default\">\n\t\t\t\t\t<div class=\"elementor-column elementor-col-100 elementor-inner-column elementor-element elementor-element-f15cad5\" data-id=\"f15cad5\" data-element_type=\"column\">\n\t\t\t<div class=\"elementor-widget-wrap elementor-element-populated\">\n\t\t\t\t\t\t\t\t<div class=\"elementor-element elementor-element-6e18789 elementor-widget elementor-widget-text-editor\" data-id=\"6e18789\" data-element_type=\"widget\" data-widget_type=\"text-editor.default\">\n\t\t\t\t<div class=\"elementor-widget-container\">\n\t\t\t\t\t\t\t<ul><li><p>Compressores de Pist\u00e3o Multimarcas<\/p><\/li><li><p>Compressores de Parafuso Lubrificado Multimarcas<\/p><\/li><li><p>Secadores de Ar Comprimido Multimarcas<\/p><\/li><li><p>Secadores de ar por refrigera\u00e7\u00e3o Multimarcas<\/p><\/li><\/ul>\t\t\t\t\t\t<\/div>\n\t\t\t\t<\/div>\n\t\t\t\t<div class=\"elementor-element elementor-element-e749819 elementor-widget elementor-widget-button\" data-id=\"e749819\" data-element_type=\"widget\" data-widget_type=\"button.default\">\n\t\t\t\t<div class=\"elementor-widget-container\">\n\t\t\t\t\t<div class=\"elementor-button-wrapper\">\n\t\t\t<a href=\"https:\/\/tmp.cmsite.net\/granmaster\/#contato\" class=\"elementor-button-link elementor-button elementor-size-lg\" role=\"button\">\n\t\t\t\t\t\t<span class=\"elementor-button-content-wrapper\">\n\t\t\t\t\t\t<span class=\"elementor-button-text\">Solicite um or\u00e7amento<\/span>\n\t\t<\/span>\n\t\t\t\t\t<\/a>\n\t\t<\/div>\n\t\t\t\t<\/div>\n\t\t\t\t<\/div>\n\t\t\t\t\t<\/div>\n\t\t<\/div>\n\t\t\t\t\t\t\t<\/div>\n\t\t<\/section>\n\t\t\t\t\t<\/div>\n\t\t<\/div>\n\t\t\t\t<div class=\"elementor-column elementor-col-50 elementor-top-column elementor-element elementor-element-33517b2\" data-id=\"33517b2\" data-element_type=\"column\">\n\t\t\t<div class=\"elementor-widget-wrap elementor-element-populated\">\n\t\t\t\t\t\t\t\t<div class=\"elementor-element elementor-element-8ee64f8 elementor-invisible elementor-widget elementor-widget-image\" data-id=\"8ee64f8\" data-element_type=\"widget\" data-settings=\"{&quot;_animation&quot;:&quot;fadeInRight&quot;}\" data-widget_type=\"image.default\">\n\t\t\t\t<div class=\"elementor-widget-container\">\n\t\t\t<style>\/*! elementor - v3.6.6 - 08-06-2022 *\/\n.elementor-widget-image{text-align:center}.elementor-widget-image a{display:inline-block}.elementor-widget-image a img[src$=\".svg\"]{width:48px}.elementor-widget-image img{vertical-align:middle;display:inline-block}<\/style>\t\t\t\t\t\t\t\t\t\t\t\t<img loading=\"lazy\" decoding=\"async\" width=\"913\" height=\"913\" src=\"https:\/\/tmp.cmsite.net\/granmaster\/wp-content\/uploads\/2022\/07\/img-1.jpg\" class=\"attachment-full size-full\" alt=\"\" srcset=\"https:\/\/tmp.cmsite.net\/granmaster\/wp-content\/uploads\/2022\/07\/img-1.jpg 913w, https:\/\/tmp.cmsite.net\/granmaster\/wp-content\/uploads\/2022\/07\/img-1-300x300.jpg 300w, https:\/\/tmp.cmsite.net\/granmaster\/wp-content\/uploads\/2022\/07\/img-1-150x150.jpg 150w, https:\/\/tmp.cmsite.net\/granmaster\/wp-content\/uploads\/2022\/07\/img-1-768x768.jpg 768w\" sizes=\"auto, (max-width: 913px) 100vw, 913px\" \/>\t\t\t\t\t\t\t\t\t\t\t\t\t\t\t<\/div>\n\t\t\t\t<\/div>\n\t\t\t\t\t<\/div>\n\t\t<\/div>\n\t\t\t\t\t\t\t<\/div>\n\t\t<\/section>\n\t\t\t\t<section class=\"elementor-section elementor-top-section elementor-element elementor-element-1931a011 elementor-section-boxed elementor-section-height-default elementor-section-height-default elementor-invisible\" data-id=\"1931a011\" data-element_type=\"section\" data-settings=\"{&quot;background_background&quot;:&quot;classic&quot;,&quot;animation&quot;:&quot;fadeIn&quot;}\">\n\t\t\t\t\t\t<div class=\"elementor-container elementor-column-gap-default\">\n\t\t\t\t\t<div class=\"elementor-column elementor-col-100 elementor-top-column elementor-element elementor-element-3d34e46f\" data-id=\"3d34e46f\" data-element_type=\"column\">\n\t\t\t<div class=\"elementor-widget-wrap elementor-element-populated\">\n\t\t\t\t\t\t\t\t<div class=\"elementor-element elementor-element-27044e7b elementor-invisible elementor-widget elementor-widget-heading\" data-id=\"27044e7b\" data-element_type=\"widget\" data-settings=\"{&quot;_animation&quot;:&quot;fadeInUp&quot;,&quot;_animation_tablet&quot;:&quot;fadeIn&quot;}\" data-widget_type=\"heading.default\">\n\t\t\t\t<div class=\"elementor-widget-container\">\n\t\t\t<h3 class=\"elementor-heading-title elementor-size-default\">Somos distribuidores das<\/h3>\t\t<\/div>\n\t\t\t\t<\/div>\n\t\t\t\t<div class=\"elementor-element elementor-element-d6aa481 elementor-invisible elementor-widget elementor-widget-heading\" data-id=\"d6aa481\" data-element_type=\"widget\" data-settings=\"{&quot;_animation&quot;:&quot;fadeInUp&quot;,&quot;_animation_tablet&quot;:&quot;fadeIn&quot;}\" data-widget_type=\"heading.default\">\n\t\t\t\t<div class=\"elementor-widget-container\">\n\t\t\t<h1 class=\"elementor-heading-title elementor-size-default\">Melhores Marcas<\/h1>\t\t<\/div>\n\t\t\t\t<\/div>\n\t\t\t\t<div class=\"elementor-element elementor-element-1df406a4 elementor-widget elementor-widget-image-carousel\" data-id=\"1df406a4\" data-element_type=\"widget\" data-settings=\"{&quot;slides_to_show&quot;:&quot;5&quot;,&quot;slides_to_scroll&quot;:&quot;1&quot;,&quot;navigation&quot;:&quot;none&quot;,&quot;image_spacing_custom&quot;:{&quot;unit&quot;:&quot;px&quot;,&quot;size&quot;:15,&quot;sizes&quot;:[]},&quot;autoplay&quot;:&quot;yes&quot;,&quot;pause_on_hover&quot;:&quot;yes&quot;,&quot;pause_on_interaction&quot;:&quot;yes&quot;,&quot;autoplay_speed&quot;:5000,&quot;infinite&quot;:&quot;yes&quot;,&quot;speed&quot;:500}\" data-widget_type=\"image-carousel.default\">\n\t\t\t\t<div class=\"elementor-widget-container\">\n\t\t\t<style>\/*! elementor - v3.6.6 - 08-06-2022 *\/\n.elementor-widget-image-carousel .swiper-container{position:static}.elementor-widget-image-carousel .swiper-container .swiper-slide figure{line-height:inherit}.elementor-widget-image-carousel .swiper-slide{text-align:center}.elementor-image-carousel-wrapper:not(.swiper-container-initialized) .swiper-slide{max-width:calc(100% \/ var(--e-image-carousel-slides-to-show, 3))}<\/style>\t\t<div class=\"elementor-image-carousel-wrapper swiper-container\" dir=\"ltr\">\n\t\t\t<div class=\"elementor-image-carousel swiper-wrapper\">\n\t\t\t\t\t\t\t\t<div class=\"swiper-slide\"><figure class=\"swiper-slide-inner\"><img decoding=\"async\" class=\"swiper-slide-image\" src=\"https:\/\/tmp.cmsite.net\/granmaster\/wp-content\/uploads\/2022\/07\/logo-pan-machine.jpg\" alt=\"logo-pan-machine\" \/><\/figure><\/div><div class=\"swiper-slide\"><figure class=\"swiper-slide-inner\"><img decoding=\"async\" class=\"swiper-slide-image\" src=\"https:\/\/tmp.cmsite.net\/granmaster\/wp-content\/uploads\/2022\/07\/logo-durr-technik.jpg\" alt=\"logo-durr-technik\" \/><\/figure><\/div><div class=\"swiper-slide\"><figure class=\"swiper-slide-inner\"><img decoding=\"async\" class=\"swiper-slide-image\" src=\"https:\/\/tmp.cmsite.net\/granmaster\/wp-content\/uploads\/2022\/07\/logo-mattei.jpg\" alt=\"logo-mattei\" \/><\/figure><\/div><div class=\"swiper-slide\"><figure class=\"swiper-slide-inner\"><img decoding=\"async\" class=\"swiper-slide-image\" src=\"https:\/\/tmp.cmsite.net\/granmaster\/wp-content\/uploads\/2022\/07\/logo-puma.jpg\" alt=\"logo-puma\" \/><\/figure><\/div><div class=\"swiper-slide\"><figure class=\"swiper-slide-inner\"><img decoding=\"async\" class=\"swiper-slide-image\" src=\"https:\/\/tmp.cmsite.net\/granmaster\/wp-content\/uploads\/2022\/07\/logo-top-fusion.jpg\" alt=\"logo-top-fusion\" \/><\/figure><\/div><div class=\"swiper-slide\"><figure class=\"swiper-slide-inner\"><img decoding=\"async\" class=\"swiper-slide-image\" src=\"https:\/\/tmp.cmsite.net\/granmaster\/wp-content\/uploads\/2022\/07\/logo-coval.jpg\" alt=\"logo-coval\" \/><\/figure><\/div><div class=\"swiper-slide\"><figure class=\"swiper-slide-inner\"><img decoding=\"async\" class=\"swiper-slide-image\" src=\"https:\/\/tmp.cmsite.net\/granmaster\/wp-content\/uploads\/2022\/07\/logo-camozzi.jpg\" alt=\"logo-camozzi\" \/><\/figure><\/div><div class=\"swiper-slide\"><figure class=\"swiper-slide-inner\"><img decoding=\"async\" class=\"swiper-slide-image\" src=\"https:\/\/tmp.cmsite.net\/granmaster\/wp-content\/uploads\/2022\/07\/logo-ingersoll-rand.jpg\" alt=\"logo-ingersoll-rand\" \/><\/figure><\/div>\t\t\t<\/div>\n\t\t\t\t\t\t\t\t\t\t\t\t\t\t\t\t<\/div>\n\t\t\t\t<\/div>\n\t\t\t\t<\/div>\n\t\t\t\t\t<\/div>\n\t\t<\/div>\n\t\t\t\t\t\t\t<\/div>\n\t\t<\/section>\n\t\t\t\t\t\t\t<\/div>\n\t\t","protected":false},"excerpt":{"rendered":"<p>Loca\u00e7\u00e3o Os servi\u00e7os de aluguel de compressores de ar s\u00e3o essenciais para diversas ind\u00fastrias que precisam fornecer ar comprimido para seus processos. Para necessidades, planos ou emerg\u00eancias de curto ou longo prazo. A configura\u00e7\u00e3o r\u00e1pida e uma abordagem econ\u00f4mica e eficiente em termos de energia fazem parte de um pacote completo, totalmente adaptado \u00e0 sua [&hellip;]<\/p>\n","protected":false},"author":1,"featured_media":0,"parent":0,"menu_order":0,"comment_status":"closed","ping_status":"closed","template":"elementor_header_footer","meta":{"footnotes":""},"class_list":["post-411","page","type-page","status-publish","hentry"],"yoast_head":"<!-- This site is optimized with the Yoast SEO plugin v19.2 - https:\/\/yoast.com\/wordpress\/plugins\/seo\/ -->\n<title>Loca\u00e7\u00e3o - Granmaster<\/title>\n<meta name=\"robots\" content=\"noindex, follow, max-snippet:-1, max-image-preview:large, max-video-preview:-1\" \/>\n<meta property=\"og:locale\" content=\"pt_BR\" \/>\n<meta property=\"og:type\" content=\"article\" \/>\n<meta property=\"og:title\" content=\"Loca\u00e7\u00e3o - Granmaster\" \/>\n<meta property=\"og:description\" content=\"Loca\u00e7\u00e3o Os servi\u00e7os de aluguel de compressores de ar s\u00e3o essenciais para diversas ind\u00fastrias que precisam fornecer ar comprimido para seus processos. Para necessidades, planos ou emerg\u00eancias de curto ou longo prazo. A configura\u00e7\u00e3o r\u00e1pida e uma abordagem econ\u00f4mica e eficiente em termos de energia fazem parte de um pacote completo, totalmente adaptado \u00e0 sua [&hellip;]\" \/>\n<meta property=\"og:url\" content=\"https:\/\/tmp.cmsite.net\/granmaster\/locacao\/\" \/>\n<meta property=\"og:site_name\" content=\"Granmaster\" \/>\n<meta property=\"article:modified_time\" content=\"2022-08-24T19:14:14+00:00\" \/>\n<meta property=\"og:image\" content=\"https:\/\/tmp.cmsite.net\/granmaster\/wp-content\/uploads\/2022\/07\/img-1.jpg\" \/>\n<meta name=\"author\" content=\"admin\" \/>\n<meta name=\"twitter:card\" content=\"summary_large_image\" \/>\n<meta name=\"twitter:label1\" content=\"Est. tempo de leitura\" \/>\n\t<meta name=\"twitter:data1\" content=\"5 minutos\" \/>\n<script type=\"application\/ld+json\" class=\"yoast-schema-graph\">{\"@context\":\"https:\/\/schema.org\",\"@graph\":[{\"@type\":\"WebSite\",\"@id\":\"https:\/\/tmp.cmsite.net\/granmaster\/#website\",\"url\":\"https:\/\/tmp.cmsite.net\/granmaster\/\",\"name\":\"Granmaster\",\"description\":\"\",\"potentialAction\":[{\"@type\":\"SearchAction\",\"target\":{\"@type\":\"EntryPoint\",\"urlTemplate\":\"https:\/\/tmp.cmsite.net\/granmaster\/?s={search_term_string}\"},\"query-input\":\"required name=search_term_string\"}],\"inLanguage\":\"pt-BR\"},{\"@type\":\"ImageObject\",\"inLanguage\":\"pt-BR\",\"@id\":\"https:\/\/tmp.cmsite.net\/granmaster\/locacao\/#primaryimage\",\"url\":\"https:\/\/tmp.cmsite.net\/granmaster\/wp-content\/uploads\/2022\/07\/img-1.jpg\",\"contentUrl\":\"https:\/\/tmp.cmsite.net\/granmaster\/wp-content\/uploads\/2022\/07\/img-1.jpg\",\"width\":913,\"height\":913},{\"@type\":\"WebPage\",\"@id\":\"https:\/\/tmp.cmsite.net\/granmaster\/locacao\/#webpage\",\"url\":\"https:\/\/tmp.cmsite.net\/granmaster\/locacao\/\",\"name\":\"Loca\u00e7\u00e3o - Granmaster\",\"isPartOf\":{\"@id\":\"https:\/\/tmp.cmsite.net\/granmaster\/#website\"},\"primaryImageOfPage\":{\"@id\":\"https:\/\/tmp.cmsite.net\/granmaster\/locacao\/#primaryimage\"},\"datePublished\":\"2022-07-27T19:56:54+00:00\",\"dateModified\":\"2022-08-24T19:14:14+00:00\",\"breadcrumb\":{\"@id\":\"https:\/\/tmp.cmsite.net\/granmaster\/locacao\/#breadcrumb\"},\"inLanguage\":\"pt-BR\",\"potentialAction\":[{\"@type\":\"ReadAction\",\"target\":[\"https:\/\/tmp.cmsite.net\/granmaster\/locacao\/\"]}]},{\"@type\":\"BreadcrumbList\",\"@id\":\"https:\/\/tmp.cmsite.net\/granmaster\/locacao\/#breadcrumb\",\"itemListElement\":[{\"@type\":\"ListItem\",\"position\":1,\"name\":\"In\u00edcio\",\"item\":\"https:\/\/tmp.cmsite.net\/granmaster\/\"},{\"@type\":\"ListItem\",\"position\":2,\"name\":\"Loca\u00e7\u00e3o\"}]}]}<\/script>\n<!-- \/ Yoast SEO plugin. -->","yoast_head_json":{"title":"Loca\u00e7\u00e3o - Granmaster","robots":{"index":"noindex","follow":"follow","max-snippet":"max-snippet:-1","max-image-preview":"max-image-preview:large","max-video-preview":"max-video-preview:-1"},"og_locale":"pt_BR","og_type":"article","og_title":"Loca\u00e7\u00e3o - Granmaster","og_description":"Loca\u00e7\u00e3o Os servi\u00e7os de aluguel de compressores de ar s\u00e3o essenciais para diversas ind\u00fastrias que precisam fornecer ar comprimido para seus processos. Para necessidades, planos ou emerg\u00eancias de curto ou longo prazo. A configura\u00e7\u00e3o r\u00e1pida e uma abordagem econ\u00f4mica e eficiente em termos de energia fazem parte de um pacote completo, totalmente adaptado \u00e0 sua [&hellip;]","og_url":"https:\/\/tmp.cmsite.net\/granmaster\/locacao\/","og_site_name":"Granmaster","article_modified_time":"2022-08-24T19:14:14+00:00","og_image":[{"url":"https:\/\/tmp.cmsite.net\/granmaster\/wp-content\/uploads\/2022\/07\/img-1.jpg"}],"author":"admin","twitter_card":"summary_large_image","twitter_misc":{"Est. tempo de leitura":"5 minutos"},"schema":{"@context":"https:\/\/schema.org","@graph":[{"@type":"WebSite","@id":"https:\/\/tmp.cmsite.net\/granmaster\/#website","url":"https:\/\/tmp.cmsite.net\/granmaster\/","name":"Granmaster","description":"","potentialAction":[{"@type":"SearchAction","target":{"@type":"EntryPoint","urlTemplate":"https:\/\/tmp.cmsite.net\/granmaster\/?s={search_term_string}"},"query-input":"required name=search_term_string"}],"inLanguage":"pt-BR"},{"@type":"ImageObject","inLanguage":"pt-BR","@id":"https:\/\/tmp.cmsite.net\/granmaster\/locacao\/#primaryimage","url":"https:\/\/tmp.cmsite.net\/granmaster\/wp-content\/uploads\/2022\/07\/img-1.jpg","contentUrl":"https:\/\/tmp.cmsite.net\/granmaster\/wp-content\/uploads\/2022\/07\/img-1.jpg","width":913,"height":913},{"@type":"WebPage","@id":"https:\/\/tmp.cmsite.net\/granmaster\/locacao\/#webpage","url":"https:\/\/tmp.cmsite.net\/granmaster\/locacao\/","name":"Loca\u00e7\u00e3o - Granmaster","isPartOf":{"@id":"https:\/\/tmp.cmsite.net\/granmaster\/#website"},"primaryImageOfPage":{"@id":"https:\/\/tmp.cmsite.net\/granmaster\/locacao\/#primaryimage"},"datePublished":"2022-07-27T19:56:54+00:00","dateModified":"2022-08-24T19:14:14+00:00","breadcrumb":{"@id":"https:\/\/tmp.cmsite.net\/granmaster\/locacao\/#breadcrumb"},"inLanguage":"pt-BR","potentialAction":[{"@type":"ReadAction","target":["https:\/\/tmp.cmsite.net\/granmaster\/locacao\/"]}]},{"@type":"BreadcrumbList","@id":"https:\/\/tmp.cmsite.net\/granmaster\/locacao\/#breadcrumb","itemListElement":[{"@type":"ListItem","position":1,"name":"In\u00edcio","item":"https:\/\/tmp.cmsite.net\/granmaster\/"},{"@type":"ListItem","position":2,"name":"Loca\u00e7\u00e3o"}]}]}},"_links":{"self":[{"href":"https:\/\/tmp.cmsite.net\/granmaster\/wp-json\/wp\/v2\/pages\/411","targetHints":{"allow":["GET"]}}],"collection":[{"href":"https:\/\/tmp.cmsite.net\/granmaster\/wp-json\/wp\/v2\/pages"}],"about":[{"href":"https:\/\/tmp.cmsite.net\/granmaster\/wp-json\/wp\/v2\/types\/page"}],"author":[{"embeddable":true,"href":"https:\/\/tmp.cmsite.net\/granmaster\/wp-json\/wp\/v2\/users\/1"}],"replies":[{"embeddable":true,"href":"https:\/\/tmp.cmsite.net\/granmaster\/wp-json\/wp\/v2\/comments?post=411"}],"version-history":[{"count":28,"href":"https:\/\/tmp.cmsite.net\/granmaster\/wp-json\/wp\/v2\/pages\/411\/revisions"}],"predecessor-version":[{"id":790,"href":"https:\/\/tmp.cmsite.net\/granmaster\/wp-json\/wp\/v2\/pages\/411\/revisions\/790"}],"wp:attachment":[{"href":"https:\/\/tmp.cmsite.net\/granmaster\/wp-json\/wp\/v2\/media?parent=411"}],"curies":[{"name":"wp","href":"https:\/\/api.w.org\/{rel}","templated":true}]}}